{"id":18,"date":"2023-12-22T12:41:30","date_gmt":"2023-12-22T12:41:30","guid":{"rendered":"https:\/\/projekt942.se\/?page_id=18"},"modified":"2024-02-14T08:59:56","modified_gmt":"2024-02-14T08:59:56","slug":"start","status":"publish","type":"page","link":"https:\/\/projekt942.se\/","title":{"rendered":"Start"},"content":{"rendered":"<p>[et_pb_section fb_built=&#8221;1&#8243; fullwidth=&#8221;on&#8221; _builder_version=&#8221;4.23.2&#8243; _module_preset=&#8221;default&#8221; background_color=&#8221;#000000&#8243; use_background_color_gradient=&#8221;on&#8221; background_color_gradient_direction=&#8221;241deg&#8221; background_color_gradient_stops=&#8221;rgba(0,0,0,0.71) 0%|rgba(0,0,0,0.38) 100%&#8221; background_color_gradient_overlays_image=&#8221;on&#8221; background_image=&#8221;https:\/\/projekt942.se\/wp-content\/uploads\/2023\/12\/Projekt942-4-scaled.jpg&#8221; global_colors_info=&#8221;{}&#8221;][et_pb_fullwidth_header text_orientation=&#8221;center&#8221; header_fullscreen=&#8221;on&#8221; header_scroll_down=&#8221;on&#8221; scroll_down_icon=&#8221;%%8%%&#8221; scroll_down_icon_color=&#8221;#FFFFFF&#8221; button_one_text=&#8221;Kontakta mig&#8221; button_one_url=&#8221;https:\/\/projekt942.se\/#kontakt&#8221; logo_image_url=&#8221;https:\/\/projekt942.se\/wp-content\/uploads\/2023\/12\/Projekt-942_VG.png&#8221; content_max_width_tablet=&#8221;&#8221; content_max_width_phone=&#8221;&#8221; content_max_width_last_edited=&#8221;on|phone&#8221; _builder_version=&#8221;4.24.0&#8243; _module_preset=&#8221;default&#8221; content_font_size=&#8221;28px&#8221; content_line_height=&#8221;1.8em&#8221; subhead_font_size=&#8221;22px&#8221; background_enable_color=&#8221;off&#8221; custom_button_one=&#8221;on&#8221; button_one_icon=&#8221;&#x33;||divi||400&#8243; width_tablet=&#8221;&#8221; width_phone=&#8221;&#8221; width_last_edited=&#8221;on|phone&#8221; custom_padding=&#8221;0px||||false|false&#8221; global_colors_info=&#8221;{}&#8221; button_one_bg_color__hover_enabled=&#8221;on|hover&#8221; button_one_bg_color__hover=&#8221;#017f5f&#8221; button_one_bg_enable_color__hover=&#8221;on&#8221; button_one_border_color__hover_enabled=&#8221;on|desktop&#8221; button_one_border_color__hover=&#8221;#017f5f&#8221;]<\/p>\n<p>M\u00e5ngsidig projektingenj\u00f6r inom j\u00e4rnv\u00e4g, broar och v\u00e4g<\/p>\n<p>[\/et_pb_fullwidth_header][\/et_pb_section][et_pb_section fb_built=&#8221;1&#8243; _builder_version=&#8221;4.20.2&#8243; _module_preset=&#8221;default&#8221; background_color=&#8221;#f6f6f6&#8243; custom_padding=&#8221;100px||100px||true|false&#8221; global_colors_info=&#8221;{}&#8221;][et_pb_row _builder_version=&#8221;4.20.2&#8243; _module_preset=&#8221;default&#8221; global_colors_info=&#8221;{}&#8221;][et_pb_column type=&#8221;4_4&#8243; _builder_version=&#8221;4.20.2&#8243; _module_preset=&#8221;default&#8221; global_colors_info=&#8221;{}&#8221;][et_pb_text _builder_version=&#8221;4.20.2&#8243; _module_preset=&#8221;default&#8221; header_2_font=&#8221;Alata|700|||||||&#8221; header_2_text_color=&#8221;#017f5f&#8221; global_colors_info=&#8221;{}&#8221;]<\/p>\n<h2>Vad \u00e4r Projekt 942?<\/h2>\n<p>[\/et_pb_text][et_pb_text _builder_version=&#8221;4.23.2&#8243; _module_preset=&#8221;default&#8221; text_font=&#8221;Roboto Condensed||||||||&#8221; text_text_color=&#8221;#000000&#8243; text_font_size=&#8221;16px&#8221; text_line_height=&#8221;1.8em&#8221; global_colors_info=&#8221;{}&#8221;]<\/p>\n<p><strong><\/strong><span>Vi specialiserar oss p\u00e5 projektstyrning och dokumentation inom anl\u00e4ggningsprojekt, j\u00e4rnv\u00e4g, v\u00e4g och installation av anl\u00e4ggningar. V\u00e5rt fokus ligger p\u00e5 att erbjuda skr\u00e4ddarsydda tj\u00e4nster som tillgodoser best\u00e4llarens behov. De tj\u00e4nster vi erbjuder \u00e4r projektingenj\u00f6r, entreprenadingenj\u00f6r och projektledare d\u00e4r vi p\u00e5 Projekt942 samarbetar n\u00e4ra med best\u00e4llare, leverant\u00f6rer och projektteam f\u00f6r att s\u00e4kerst\u00e4lla projektets framg\u00e5ng. <\/span><\/p>\n<p><span>V\u00e5rt erbjudande inkluderar noggrann dokumentation, riskhantering, juridisk expertis och projektplanering. Vi str\u00e4var alltid efter h\u00f6g kvalitet och effektivitet i alla projekt. Med oss som samarbetspartner f\u00e5r du tillg\u00e5ng till en bred kompetensbas och en helhetsl\u00f6sning f\u00f6r att s\u00e4kerst\u00e4lla projektets framg\u00e5ng.<\/span><\/p>\n<p>[\/et_pb_text][\/et_pb_column][\/et_pb_row][et_pb_row _builder_version=&#8221;4.23.2&#8243; _module_preset=&#8221;default&#8221; global_colors_info=&#8221;{}&#8221;][et_pb_column type=&#8221;4_4&#8243; _builder_version=&#8221;4.20.2&#8243; _module_preset=&#8221;default&#8221; global_colors_info=&#8221;{}&#8221;][et_pb_image src=&#8221;https:\/\/projekt942.se\/wp-content\/uploads\/2023\/12\/Projekt942-12-scaled.jpg&#8221; title_text=&#8221;Projekt942-12&#8243; _builder_version=&#8221;4.23.2&#8243; _module_preset=&#8221;default&#8221; global_colors_info=&#8221;{}&#8221;][\/et_pb_image][\/et_pb_column][\/et_pb_row][et_pb_row column_structure=&#8221;1_3,1_3,1_3&#8243; _builder_version=&#8221;4.23.2&#8243; _module_preset=&#8221;default&#8221; global_colors_info=&#8221;{}&#8221;][et_pb_column type=&#8221;1_3&#8243; _builder_version=&#8221;4.23.2&#8243; _module_preset=&#8221;default&#8221; global_colors_info=&#8221;{}&#8221;][et_pb_blurb title=&#8221;Projektingenj\u00f6r &#8221; use_icon=&#8221;on&#8221; font_icon=&#8221;&#xe104;||divi||400&#8243; icon_color=&#8221;#017f5f&#8221; _builder_version=&#8221;4.23.2&#8243; _module_preset=&#8221;default&#8221; header_text_align=&#8221;center&#8221; body_text_align=&#8221;center&#8221; global_colors_info=&#8221;{}&#8221;]<\/p>\n<p><span>Expert p\u00e5 att leda och genomf\u00f6ra tekniska projekt f\u00f6r f\u00f6retag. Vi tar hand om alla detaljer, fr\u00e5n planering, dokumentation till implementering, f\u00f6r att s\u00e4kerst\u00e4lla projektleverans f\u00f6r v\u00e5ra samarbetspartners.<\/span><\/p>\n<p>[\/et_pb_blurb][\/et_pb_column][et_pb_column type=&#8221;1_3&#8243; _builder_version=&#8221;4.23.2&#8243; _module_preset=&#8221;default&#8221; global_colors_info=&#8221;{}&#8221;][et_pb_blurb title=&#8221;Entreprenadingenj\u00f6r&#8221; use_icon=&#8221;on&#8221; font_icon=&#8221;&#xf0ae;||fa||900&#8243; icon_color=&#8221;#017f5f&#8221; _builder_version=&#8221;4.23.2&#8243; _module_preset=&#8221;default&#8221; header_text_align=&#8221;center&#8221; body_text_align=&#8221;center&#8221; global_colors_info=&#8221;{}&#8221;]<\/p>\n<p><span>Specialiserar sig p\u00e5 att hantera bygg- och anl\u00e4ggningsprojekt f\u00f6r f\u00f6retag. Vi \u00e4r dedikerade till att s\u00e4kerst\u00e4lla att v\u00e5ra kunder f\u00e5r h\u00f6gkvalitativa resultat, inom budget och tidsschema, i varje projekt vi tar p\u00e5 oss. Kombinerar rollen som projektingenj\u00f6r och projektledare.<\/span><\/p>\n<p>[\/et_pb_blurb][\/et_pb_column][et_pb_column type=&#8221;1_3&#8243; _builder_version=&#8221;4.23.2&#8243; _module_preset=&#8221;default&#8221; global_colors_info=&#8221;{}&#8221;][et_pb_blurb title=&#8221;Teknisk projektledare&#8221; use_icon=&#8221;on&#8221; font_icon=&#8221;&#xf080;||fa||400&#8243; icon_color=&#8221;#017f5f&#8221; _builder_version=&#8221;4.23.2&#8243; _module_preset=&#8221;default&#8221; header_text_align=&#8221;center&#8221; body_text_align=&#8221;center&#8221; global_colors_info=&#8221;{}&#8221;]<\/p>\n<p><span>Organisera och driva tekniska projekt f\u00f6r f\u00f6retag inom f\u00f6retagssektorn. Vi samordnar och driver projektplanering, resurshantering och riskhantering f\u00f6r att s\u00e4kerst\u00e4lla att v\u00e5ra kunder n\u00e5r sina tekniska m\u00e5l och h\u00e5ller sig konkurrenskraftiga p\u00e5 marknaden.<\/span><\/p>\n<p>[\/et_pb_blurb][\/et_pb_column][\/et_pb_row][\/et_pb_section][et_pb_section fb_built=&#8221;1&#8243; prev_background_color=&#8221;#f6f6f6&#8243; next_background_color=&#8221;#f6f6f6&#8243; _builder_version=&#8221;4.23.2&#8243; _module_preset=&#8221;default&#8221; background_color=&#8221;#222222&#8243; custom_padding=&#8221;100px||100px||true|false&#8221; top_divider_style=&#8221;slant&#8221; bottom_divider_style=&#8221;slant&#8221; global_colors_info=&#8221;{}&#8221;][et_pb_row _builder_version=&#8221;4.23.2&#8243; _module_preset=&#8221;default&#8221; global_colors_info=&#8221;{}&#8221;][et_pb_column type=&#8221;4_4&#8243; _builder_version=&#8221;4.23.2&#8243; _module_preset=&#8221;default&#8221; global_colors_info=&#8221;{}&#8221;][et_pb_image src=&#8221;https:\/\/projekt942.se\/wp-content\/uploads\/2023\/12\/Projekt942-2-scaled.jpg&#8221; title_text=&#8221;Projekt942-2&#8243; _builder_version=&#8221;4.23.2&#8243; _module_preset=&#8221;default&#8221; global_colors_info=&#8221;{}&#8221;][\/et_pb_image][\/et_pb_column][\/et_pb_row][et_pb_row column_structure=&#8221;1_3,1_3,1_3&#8243; _builder_version=&#8221;4.23.2&#8243; _module_preset=&#8221;default&#8221; global_colors_info=&#8221;{}&#8221;][et_pb_column type=&#8221;1_3&#8243; _builder_version=&#8221;4.23.2&#8243; _module_preset=&#8221;default&#8221; global_colors_info=&#8221;{}&#8221;][et_pb_image src=&#8221;https:\/\/projekt942.se\/wp-content\/uploads\/2023\/12\/referenser-02.jpg&#8221; title_text=&#8221;referenser-02&#8243; _builder_version=&#8221;4.24.0&#8243; _module_preset=&#8221;default&#8221; global_colors_info=&#8221;{}&#8221;][\/et_pb_image][\/et_pb_column][et_pb_column type=&#8221;1_3&#8243; _builder_version=&#8221;4.23.2&#8243; _module_preset=&#8221;default&#8221; global_colors_info=&#8221;{}&#8221;][et_pb_image src=&#8221;https:\/\/projekt942.se\/wp-content\/uploads\/2023\/12\/referenser-03.jpg&#8221; title_text=&#8221;referenser-03&#8243; _builder_version=&#8221;4.24.0&#8243; _module_preset=&#8221;default&#8221; global_colors_info=&#8221;{}&#8221;][\/et_pb_image][\/et_pb_column][et_pb_column type=&#8221;1_3&#8243; _builder_version=&#8221;4.23.2&#8243; _module_preset=&#8221;default&#8221; global_colors_info=&#8221;{}&#8221;][et_pb_image src=&#8221;https:\/\/projekt942.se\/wp-content\/uploads\/2023\/12\/referenser_Rityta-1.jpg&#8221; title_text=&#8221;referenser_Rityta 1&#8243; _builder_version=&#8221;4.24.0&#8243; _module_preset=&#8221;default&#8221; global_colors_info=&#8221;{}&#8221;][\/et_pb_image][\/et_pb_column][\/et_pb_row][\/et_pb_section][et_pb_section fb_built=&#8221;1&#8243; specialty=&#8221;on&#8221; _builder_version=&#8221;4.24.0&#8243; _module_preset=&#8221;default&#8221; background_color=&#8221;#f6f6f6&#8243; global_colors_info=&#8221;{}&#8221;][et_pb_column type=&#8221;1_2&#8243; _builder_version=&#8221;4.16&#8243; custom_padding=&#8221;|||&#8221; global_colors_info=&#8221;{}&#8221; custom_padding__hover=&#8221;|||&#8221;][et_pb_image src=&#8221;https:\/\/projekt942.se\/wp-content\/uploads\/2023\/12\/Projekt942-6-scaled.jpg&#8221; title_text=&#8221;Projekt942-6&#8243; _builder_version=&#8221;4.23.2&#8243; _module_preset=&#8221;default&#8221; box_shadow_style=&#8221;preset7&#8243; box_shadow_horizontal=&#8221;-40px&#8221; box_shadow_vertical=&#8221;-40px&#8221; box_shadow_color=&#8221;#017f5f&#8221; box_shadow_position=&#8221;outer&#8221; global_colors_info=&#8221;{}&#8221;][\/et_pb_image][\/et_pb_column][et_pb_column type=&#8221;1_2&#8243; specialty_columns=&#8221;2&#8243; _builder_version=&#8221;4.16&#8243; custom_padding=&#8221;|||&#8221; global_colors_info=&#8221;{}&#8221; custom_padding__hover=&#8221;|||&#8221;][et_pb_row_inner _builder_version=&#8221;4.24.0&#8243; _module_preset=&#8221;default&#8221; global_colors_info=&#8221;{}&#8221;][et_pb_column_inner saved_specialty_column_type=&#8221;1_2&#8243; _builder_version=&#8221;4.24.0&#8243; _module_preset=&#8221;default&#8221; global_colors_info=&#8221;{}&#8221;][et_pb_text _builder_version=&#8221;4.24.0&#8243; _module_preset=&#8221;default&#8221; header_2_font=&#8221;Alata|700|||||||&#8221; header_2_text_color=&#8221;#017f5f&#8221; global_colors_info=&#8221;{}&#8221;]<\/p>\n<h2>Jim Emanuelsson<\/h2>\n<p>VD\/Entreprenadingenj\u00f6r<\/p>\n<p>[\/et_pb_text][et_pb_text _builder_version=&#8221;4.23.2&#8243; _module_preset=&#8221;default&#8221; text_font=&#8221;Roboto Condensed||||||||&#8221; text_text_color=&#8221;#000000&#8243; text_font_size=&#8221;18px&#8221; text_line_height=&#8221;1.8em&#8221; global_colors_info=&#8221;{}&#8221;]<\/p>\n<p><span>Jim \u00e4r en erfaren och m\u00e5ngsidig entreprenadinjeng\u00f6r med \u00f6ver 10 \u00e5rs erfarenhet inom anl\u00e4ggning, broar, j\u00e4rnv\u00e4g och v\u00e4gprojekt. Med en solid grund inom ekonomi och juridik samt kontinuerlig utbildning har Jim befunnit sig p\u00e5 alla niv\u00e5er och \u00e4r hans fr\u00e4msta styrka. <\/span><\/p>\n<p><span>Jims kompetens och utbildning omfattar bland annat BASU och BASP, vilket g\u00f6r honom till en stark samordnare av arbetsmilj\u00f6fr\u00e5gor i b\u00e5de projekt och genomf\u00f6randefasen. Han levererar alltid och \u00e4r dedikerad till att leverera projekt p\u00e5 ett s\u00e4kert och effektivt s\u00e4tt. <\/span><\/p>\n<p><span>Med sin breda erfarenhet och kompetens \u00e4r han en tillg\u00e5ng f\u00f6r varje projektteam.<\/span><\/p>\n<p>[\/et_pb_text][et_pb_social_media_follow _builder_version=&#8221;4.24.0&#8243; _module_preset=&#8221;default&#8221; text_orientation=&#8221;right&#8221; global_colors_info=&#8221;{}&#8221;][et_pb_social_media_follow_network social_network=&#8221;linkedin&#8221; url=&#8221;https:\/\/www.linkedin.com\/company\/projekt-942&#8243; _builder_version=&#8221;4.24.0&#8243; _module_preset=&#8221;default&#8221; background_color=&#8221;#017f5f&#8221; background_enable_color=&#8221;on&#8221; global_colors_info=&#8221;{}&#8221; follow_button=&#8221;off&#8221; url_new_window=&#8221;on&#8221;]linkedin[\/et_pb_social_media_follow_network][\/et_pb_social_media_follow][\/et_pb_column_inner][\/et_pb_row_inner][et_pb_row_inner column_structure=&#8221;1_3,1_3,1_3&#8243; module_id=&#8221;kontakt&#8221; _builder_version=&#8221;4.24.0&#8243; _module_preset=&#8221;default&#8221; global_colors_info=&#8221;{}&#8221;][et_pb_column_inner type=&#8221;1_3&#8243; saved_specialty_column_type=&#8221;1_2&#8243; _builder_version=&#8221;4.24.0&#8243; _module_preset=&#8221;default&#8221; global_colors_info=&#8221;{}&#8221;][et_pb_blurb title=&#8221;Epost&#8221; use_icon=&#8221;on&#8221; font_icon=&#8221;&#xe010;||divi||400&#8243; icon_color=&#8221;#017f5f&#8221; _builder_version=&#8221;4.24.0&#8243; _module_preset=&#8221;default&#8221; header_text_align=&#8221;center&#8221; body_text_align=&#8221;center&#8221; global_colors_info=&#8221;{}&#8221;]<\/p>\n<p><a href=\"mailto:jim@projekt942.se\" target=\"_blank\" rel=\"noopener\">jim@projekt942.se<\/a><\/p>\n<p>[\/et_pb_blurb][\/et_pb_column_inner][et_pb_column_inner type=&#8221;1_3&#8243; saved_specialty_column_type=&#8221;1_2&#8243; _builder_version=&#8221;4.24.0&#8243; _module_preset=&#8221;default&#8221; global_colors_info=&#8221;{}&#8221;][et_pb_blurb title=&#8221;Telefon&#8221; use_icon=&#8221;on&#8221; font_icon=&#8221;&#x76;||divi||400&#8243; icon_color=&#8221;#017f5f&#8221; _builder_version=&#8221;4.23.2&#8243; _module_preset=&#8221;default&#8221; header_text_align=&#8221;center&#8221; body_text_align=&#8221;center&#8221; body_text_color=&#8221;#017f5f&#8221; body_link_text_color=&#8221;#017f5f&#8221; global_colors_info=&#8221;{}&#8221;]<\/p>\n<p><strong>070-202 55 08<\/strong><\/p>\n<p>[\/et_pb_blurb][\/et_pb_column_inner][et_pb_column_inner type=&#8221;1_3&#8243; saved_specialty_column_type=&#8221;1_2&#8243; _builder_version=&#8221;4.24.0&#8243; _module_preset=&#8221;default&#8221; global_colors_info=&#8221;{}&#8221;][et_pb_blurb title=&#8221;Adress&#8221; use_icon=&#8221;on&#8221; font_icon=&#8221;&#xe01d;||divi||400&#8243; icon_color=&#8221;#017f5f&#8221; _builder_version=&#8221;4.23.2&#8243; _module_preset=&#8221;default&#8221; header_text_align=&#8221;center&#8221; body_text_align=&#8221;center&#8221; body_text_color=&#8221;#017f5f&#8221; body_link_text_color=&#8221;#017f5f&#8221; global_colors_info=&#8221;{}&#8221;]<\/p>\n<p><span>Lombtj\u00e4rnsgatan 13<\/span><br \/><span>942 32 \u00c4lvsbyn<\/span><\/p>\n<p>[\/et_pb_blurb][\/et_pb_column_inner][\/et_pb_row_inner][\/et_pb_column][\/et_pb_section][et_pb_section fb_built=&#8221;1&#8243; specialty=&#8221;on&#8221; _builder_version=&#8221;4.24.0&#8243; _module_preset=&#8221;default&#8221; background_color=&#8221;#f6f6f6&#8243; global_colors_info=&#8221;{}&#8221;][et_pb_column type=&#8221;1_2&#8243; _builder_version=&#8221;4.16&#8243; custom_padding=&#8221;|||&#8221; global_colors_info=&#8221;{}&#8221; custom_padding__hover=&#8221;|||&#8221;][et_pb_image src=&#8221;https:\/\/projekt942.se\/wp-content\/uploads\/2024\/02\/TomasKarlsson.jpg&#8221; title_text=&#8221;TomasKarlsson&#8221; _builder_version=&#8221;4.24.0&#8243; _module_preset=&#8221;default&#8221; box_shadow_style=&#8221;preset7&#8243; box_shadow_horizontal=&#8221;-40px&#8221; box_shadow_vertical=&#8221;-40px&#8221; box_shadow_color=&#8221;#017f5f&#8221; box_shadow_position=&#8221;outer&#8221; global_colors_info=&#8221;{}&#8221;][\/et_pb_image][\/et_pb_column][et_pb_column type=&#8221;1_2&#8243; specialty_columns=&#8221;2&#8243; _builder_version=&#8221;4.16&#8243; custom_padding=&#8221;|||&#8221; global_colors_info=&#8221;{}&#8221; custom_padding__hover=&#8221;|||&#8221;][et_pb_row_inner _builder_version=&#8221;4.24.0&#8243; _module_preset=&#8221;default&#8221; global_colors_info=&#8221;{}&#8221;][et_pb_column_inner saved_specialty_column_type=&#8221;1_2&#8243; _builder_version=&#8221;4.24.0&#8243; _module_preset=&#8221;default&#8221; global_colors_info=&#8221;{}&#8221;][et_pb_text _builder_version=&#8221;4.24.0&#8243; _module_preset=&#8221;default&#8221; header_2_font=&#8221;Alata|700|||||||&#8221; header_2_text_color=&#8221;#017f5f&#8221; global_colors_info=&#8221;{}&#8221;]<\/p>\n<h2>Tomas Karlsson<\/h2>\n<p>Projektingenj\u00f6r<\/p>\n<p>[\/et_pb_text][et_pb_text _builder_version=&#8221;4.24.0&#8243; _module_preset=&#8221;default&#8221; text_font=&#8221;Roboto Condensed||||||||&#8221; text_text_color=&#8221;#000000&#8243; text_font_size=&#8221;18px&#8221; text_line_height=&#8221;1.8em&#8221; global_colors_info=&#8221;{}&#8221;]<\/p>\n<p><span>Det h\u00e4r \u00e4r Tomas Karlsson. En resultatorienterad person med h\u00f6gsta fokus p\u00e5 att leverera utm\u00e4rkta resultat. <\/span><\/p>\n<p><span>Med sin dedikation kan han effektivt st\u00f6dja er genom att skapa v\u00e4lstrukturerad dokumentation i era projekt. Tomas \u00e4r en projektingenj\u00f6r som \u00e4r stolt \u00f6ver att f\u00e5 vara en del av Projekt 942. <\/span><\/p>\n<p><span>Han har god kunskap med att jobba inom projekt, vilket g\u00f6r honom till en effektiv samordnare och kunnig profil i f\u00f6retaget. Han \u00e4r p\u00e5litlig och engagerad i att s\u00e4kerst\u00e4lla att projekt levereras p\u00e5 ett s\u00e4kert och effektivt s\u00e4tt. Med sin noggrannhet och vana f\u00f6r arbetet \u00e4r han en tillg\u00e5ng f\u00f6r varje projektgrupp<\/span><\/p>\n<p>[\/et_pb_text][et_pb_social_media_follow _builder_version=&#8221;4.24.0&#8243; _module_preset=&#8221;default&#8221; text_orientation=&#8221;right&#8221; global_colors_info=&#8221;{}&#8221;][et_pb_social_media_follow_network social_network=&#8221;linkedin&#8221; url=&#8221;https:\/\/www.linkedin.com\/in\/tomas-karlsson-71b6ab101\/&#8221; _builder_version=&#8221;4.24.0&#8243; _module_preset=&#8221;default&#8221; background_color=&#8221;#017f5f&#8221; background_enable_color=&#8221;on&#8221; global_colors_info=&#8221;{}&#8221; follow_button=&#8221;off&#8221; url_new_window=&#8221;on&#8221;]linkedin[\/et_pb_social_media_follow_network][\/et_pb_social_media_follow][\/et_pb_column_inner][\/et_pb_row_inner][et_pb_row_inner column_structure=&#8221;1_2,1_2&#8243; _builder_version=&#8221;4.24.0&#8243; _module_preset=&#8221;default&#8221; global_colors_info=&#8221;{}&#8221;][et_pb_column_inner type=&#8221;1_2&#8243; saved_specialty_column_type=&#8221;1_2&#8243; _builder_version=&#8221;4.24.0&#8243; _module_preset=&#8221;default&#8221; global_colors_info=&#8221;{}&#8221;][et_pb_blurb title=&#8221;Epost&#8221; use_icon=&#8221;on&#8221; font_icon=&#8221;&#xe010;||divi||400&#8243; icon_color=&#8221;#017f5f&#8221; _builder_version=&#8221;4.24.0&#8243; _module_preset=&#8221;default&#8221; header_text_align=&#8221;center&#8221; body_text_align=&#8221;center&#8221; global_colors_info=&#8221;{}&#8221;]<\/p>\n<p><a href=\"mailto:tomas@projekt942.se\">tomas@projekt942.se<\/a><\/p>\n<p><a href=\"mailto:jim@projekt942.se\" target=\"_blank\" rel=\"noopener\"><\/a><\/p>\n<p>[\/et_pb_blurb][\/et_pb_column_inner][et_pb_column_inner type=&#8221;1_2&#8243; saved_specialty_column_type=&#8221;1_2&#8243; _builder_version=&#8221;4.24.0&#8243; _module_preset=&#8221;default&#8221; global_colors_info=&#8221;{}&#8221;][et_pb_blurb title=&#8221;Telefon&#8221; use_icon=&#8221;on&#8221; font_icon=&#8221;&#x76;||divi||400&#8243; icon_color=&#8221;#017f5f&#8221; _builder_version=&#8221;4.24.0&#8243; _module_preset=&#8221;default&#8221; header_text_align=&#8221;center&#8221; body_text_align=&#8221;center&#8221; body_text_color=&#8221;#017f5f&#8221; body_link_text_color=&#8221;#017f5f&#8221; global_colors_info=&#8221;{}&#8221;]<\/p>\n<p><strong>076 &#8211; 84 84 802<\/strong><\/p>\n<p>[\/et_pb_blurb][\/et_pb_column_inner][\/et_pb_row_inner][\/et_pb_column][\/et_pb_section]<\/p>\n","protected":false},"excerpt":{"rendered":"<p>M\u00e5ngsidig projektingenj\u00f6r inom j\u00e4rnv\u00e4g, broar och v\u00e4gVad \u00e4r Projekt 942?Vi specialiserar oss p\u00e5 projektstyrning och dokumentation inom anl\u00e4ggningsprojekt, j\u00e4rnv\u00e4g, v\u00e4g och installation av anl\u00e4ggningar. V\u00e5rt fokus ligger p\u00e5 att erbjuda skr\u00e4ddarsydda tj\u00e4nster som tillgodoser best\u00e4llarens behov. De tj\u00e4nster vi erbjuder \u00e4r projektingenj\u00f6r, entreprenadingenj\u00f6r och projektledare d\u00e4r vi p\u00e5 Projekt942 samarbetar n\u00e4ra med best\u00e4llare, leverant\u00f6rer och [&hellip;]<\/p>\n","protected":false},"author":1,"featured_media":0,"parent":0,"menu_order":0,"comment_status":"closed","ping_status":"closed","template":"","meta":{"_et_pb_use_builder":"on","_et_pb_old_content":"","_et_gb_content_width":"","footnotes":""},"class_list":["post-18","page","type-page","status-publish","hentry"],"_links":{"self":[{"href":"https:\/\/projekt942.se\/index.php?rest_route=\/wp\/v2\/pages\/18","targetHints":{"allow":["GET"]}}],"collection":[{"href":"https:\/\/projekt942.se\/index.php?rest_route=\/wp\/v2\/pages"}],"about":[{"href":"https:\/\/projekt942.se\/index.php?rest_route=\/wp\/v2\/types\/page"}],"author":[{"embeddable":true,"href":"https:\/\/projekt942.se\/index.php?rest_route=\/wp\/v2\/users\/1"}],"replies":[{"embeddable":true,"href":"https:\/\/projekt942.se\/index.php?rest_route=%2Fwp%2Fv2%2Fcomments&post=18"}],"version-history":[{"count":23,"href":"https:\/\/projekt942.se\/index.php?rest_route=\/wp\/v2\/pages\/18\/revisions"}],"predecessor-version":[{"id":88,"href":"https:\/\/projekt942.se\/index.php?rest_route=\/wp\/v2\/pages\/18\/revisions\/88"}],"wp:attachment":[{"href":"https:\/\/projekt942.se\/index.php?rest_route=%2Fwp%2Fv2%2Fmedia&parent=18"}],"curies":[{"name":"wp","href":"https:\/\/api.w.org\/{rel}","templated":true}]}}